{"id":1853,"date":"2024-12-12T12:56:12","date_gmt":"2024-12-12T12:56:12","guid":{"rendered":"https:\/\/sidemet.com.ar\/?page_id=1853"},"modified":"2024-12-23T16:47:19","modified_gmt":"2024-12-23T16:47:19","slug":"canos-con-costura","status":"publish","type":"page","link":"https:\/\/sidemet.com.ar\/index.php\/canos-con-costura\/","title":{"rendered":"Ca\u00f1os con costura"},"content":{"rendered":"\t\t<div data-elementor-type=\"wp-page\" data-elementor-id=\"1853\" class=\"elementor elementor-1853\">\n\t\t\t\t<div class=\"elementor-element elementor-element-e081f68 e-flex e-con-boxed wpr-particle-no wpr-jarallax-no wpr-parallax-no wpr-sticky-section-no e-con e-parent\" data-id=\"e081f68\" data-element_type=\"container\" data-settings=\"{&quot;background_background&quot;:&quot;classic&quot;}\">\n\t\t\t\t\t<div class=\"e-con-inner\">\n\t\t\t\t<div class=\"elementor-element elementor-element-92956a9 elementor-widget elementor-widget-spacer\" data-id=\"92956a9\" data-element_type=\"widget\" data-widget_type=\"spacer.default\">\n\t\t\t\t<div class=\"elementor-widget-container\">\n\t\t\t\t\t<div class=\"elementor-spacer\">\n\t\t\t<div class=\"elementor-spacer-inner\"><\/div>\n\t\t<\/div>\n\t\t\t\t<\/div>\n\t\t\t\t<\/div>\n\t\t\t\t\t<\/div>\n\t\t\t\t<\/div>\n\t\t<div class=\"elementor-element elementor-element-084a5ff e-flex e-con-boxed wpr-particle-no wpr-jarallax-no wpr-parallax-no wpr-sticky-section-no e-con e-parent\" data-id=\"084a5ff\" data-element_type=\"container\">\n\t\t\t\t\t<div class=\"e-con-inner\">\n\t\t<div class=\"elementor-element elementor-element-b825533 e-con-full e-flex wpr-particle-no wpr-jarallax-no wpr-parallax-no wpr-sticky-section-no e-con e-child\" data-id=\"b825533\" data-element_type=\"container\">\n\t\t\t\t<div class=\"elementor-element elementor-element-f0b1483 elementor-widget elementor-widget-heading\" data-id=\"f0b1483\" data-element_type=\"widget\" data-widget_type=\"heading.default\">\n\t\t\t\t<div class=\"elementor-widget-container\">\n\t\t\t<h2 class=\"elementor-heading-title elementor-size-default\">Ca\u00f1os con costura<\/h2>\t\t<\/div>\n\t\t\t\t<\/div>\n\t\t\t\t<\/div>\n\t\t<div class=\"elementor-element elementor-element-95d40ef e-con-full e-flex wpr-particle-no wpr-jarallax-no wpr-parallax-no wpr-sticky-section-no e-con e-child\" data-id=\"95d40ef\" data-element_type=\"container\">\n\t\t<div class=\"elementor-element elementor-element-3b5454a e-con-full e-flex wpr-particle-no wpr-jarallax-no wpr-parallax-no wpr-sticky-section-no e-con e-child\" data-id=\"3b5454a\" data-element_type=\"container\">\n\t\t\t\t<div class=\"elementor-element elementor-element-24d923d elementor-widget elementor-widget-heading\" data-id=\"24d923d\" data-element_type=\"widget\" data-widget_type=\"heading.default\">\n\t\t\t\t<div class=\"elementor-widget-container\">\n\t\t\t<h3 class=\"elementor-heading-title elementor-size-default\">CA\u00d1OS GALVANIZADOS<\/h3>\t\t<\/div>\n\t\t\t\t<\/div>\n\t\t\t\t<div class=\"elementor-element elementor-element-b050f7b elementor-widget elementor-widget-heading\" data-id=\"b050f7b\" data-element_type=\"widget\" data-widget_type=\"heading.default\">\n\t\t\t\t<div class=\"elementor-widget-container\">\n\t\t\t<h6 class=\"elementor-heading-title elementor-size-default\">DE 3,8\" HASTA 4\" \u2013 IRAM 2502<\/h6>\t\t<\/div>\n\t\t\t\t<\/div>\n\t\t\t\t<div class=\"elementor-element elementor-element-a35e018 elementor-widget elementor-widget-text-editor\" data-id=\"a35e018\" data-element_type=\"widget\" data-widget_type=\"text-editor.default\">\n\t\t\t\t<div class=\"elementor-widget-container\">\n\t\t\t\t\t\t\t<p><span class=\"selectable-text copyable-text false\">Comercializamos ca\u00f1os de acero al carbono para conducci\u00f3n en instalaciones de baja, media y alta presi\u00f3n. Los ca\u00f1os galvanizados IRAM 2502 son tubos con recubrimiento de zinc (Zn) en 70 micrones (?) con sus extremos roscados. Los ca\u00f1os galvanizados se utilizan en instalaciones de presi\u00f3n media (perforaciones y agua domiciliaria, aire u otros fluidos) y cuando se requiere una protecci\u00f3n adicional en instalaciones de aire acondicionado.<\/span><\/p>\t\t\t\t\t\t<\/div>\n\t\t\t\t<\/div>\n\t\t\t\t<\/div>\n\t\t<div class=\"elementor-element elementor-element-e24a91d e-con-full e-flex wpr-particle-no wpr-jarallax-no wpr-parallax-no wpr-sticky-section-no e-con e-child\" data-id=\"e24a91d\" data-element_type=\"container\">\n\t\t\t\t<div class=\"elementor-element elementor-element-d26caeb elementor-widget elementor-widget-image\" data-id=\"d26caeb\" data-element_type=\"widget\" data-widget_type=\"image.default\">\n\t\t\t\t<div class=\"elementor-widget-container\">\n\t\t\t\t\t\t\t\t\t\t\t\t\t\t<a href=\"https:\/\/sidemet.com.ar\/wp-content\/uploads\/2024\/12\/CANOS-CON-COSTURA-TABLA.jpg\" data-elementor-open-lightbox=\"yes\" data-elementor-lightbox-title=\"CA\u00d1OS CON COSTURA TABLA\" data-e-action-hash=\"#elementor-action%3Aaction%3Dlightbox%26settings%3DeyJpZCI6MTg1NSwidXJsIjoiaHR0cHM6XC9cL3NpZGVtZXQuY29tLmFyXC93cC1jb250ZW50XC91cGxvYWRzXC8yMDI0XC8xMlwvQ0FOT1MtQ09OLUNPU1RVUkEtVEFCTEEuanBnIn0%3D\">\n\t\t\t\t\t\t\t<img fetchpriority=\"high\" decoding=\"async\" width=\"1024\" height=\"375\" src=\"https:\/\/sidemet.com.ar\/wp-content\/uploads\/2024\/12\/CANOS-CON-COSTURA-TABLA.jpg\" class=\"attachment-large size-large wp-image-1855\" alt=\"\" \/>\t\t\t\t\t\t\t\t<\/a>\n\t\t\t\t\t\t\t\t\t\t\t\t\t<\/div>\n\t\t\t\t<\/div>\n\t\t\t\t<\/div>\n\t\t\t\t<\/div>\n\t\t<div class=\"elementor-element elementor-element-4147f07 e-con-full e-flex wpr-particle-no wpr-jarallax-no wpr-parallax-no wpr-sticky-section-no e-con e-child\" data-id=\"4147f07\" data-element_type=\"container\">\n\t\t<div class=\"elementor-element elementor-element-7254863 e-con-full e-flex wpr-particle-no wpr-jarallax-no wpr-parallax-no wpr-sticky-section-no e-con e-child\" data-id=\"7254863\" data-element_type=\"container\">\n\t\t\t\t<div class=\"elementor-element elementor-element-2e067b4 elementor-widget elementor-widget-heading\" data-id=\"2e067b4\" data-element_type=\"widget\" data-widget_type=\"heading.default\">\n\t\t\t\t<div class=\"elementor-widget-container\">\n\t\t\t<h3 class=\"elementor-heading-title elementor-size-default\">CA\u00d1OS CONDUIT<\/h3>\t\t<\/div>\n\t\t\t\t<\/div>\n\t\t\t\t<div class=\"elementor-element elementor-element-07678c9 elementor-widget elementor-widget-heading\" data-id=\"07678c9\" data-element_type=\"widget\" data-widget_type=\"heading.default\">\n\t\t\t\t<div class=\"elementor-widget-container\">\n\t\t\t<h6 class=\"elementor-heading-title elementor-size-default\">TUBOS DE ACERO PARA INSTALACIONES EL\u00c9CTRICAS. ANSI C80.1<\/h6>\t\t<\/div>\n\t\t\t\t<\/div>\n\t\t\t\t<div class=\"elementor-element elementor-element-2908263 elementor-widget elementor-widget-text-editor\" data-id=\"2908263\" data-element_type=\"widget\" data-widget_type=\"text-editor.default\">\n\t\t\t\t<div class=\"elementor-widget-container\">\n\t\t\t\t\t\t\t<p><span class=\"selectable-text copyable-text false\">Los tubos para instalaciones el\u00e9ctricas son utilizados para el pasaje de conductores el\u00e9ctricos en las instalaciones el\u00e9ctricas de viviendas, edificios, plantas industriales y comerciales. Se utilizan tambi\u00e9n para el pasaje de conductores el\u00e9ctricos en instalaciones resistentes al fuego y a explosiones en industrias qu\u00edmicas y petroqu\u00edmicas, estaciones de servicio y f\u00e1bricas en general. Estos tubos se proveen roscados y con cupla. El recubrimiento de Zn tiene en su exterior una capa de 250 grs\/m2 m\u00ednimo.<\/span><\/p>\t\t\t\t\t\t<\/div>\n\t\t\t\t<\/div>\n\t\t\t\t<\/div>\n\t\t<div class=\"elementor-element elementor-element-d0f1ff1 e-con-full e-flex wpr-particle-no wpr-jarallax-no wpr-parallax-no wpr-sticky-section-no e-con e-child\" data-id=\"d0f1ff1\" data-element_type=\"container\">\n\t\t\t\t<div class=\"elementor-element elementor-element-20335bb elementor-widget elementor-widget-image\" data-id=\"20335bb\" data-element_type=\"widget\" data-widget_type=\"image.default\">\n\t\t\t\t<div class=\"elementor-widget-container\">\n\t\t\t\t\t\t\t\t\t\t\t\t\t\t<a href=\"https:\/\/sidemet.com.ar\/wp-content\/uploads\/2024\/12\/CANOS-CON-COSTURA-TABLA-2.jpg\" data-elementor-open-lightbox=\"yes\" data-elementor-lightbox-title=\"CA\u00d1OS CON COSTURA TABLA 2\" data-e-action-hash=\"#elementor-action%3Aaction%3Dlightbox%26settings%3DeyJpZCI6MTg1NiwidXJsIjoiaHR0cHM6XC9cL3NpZGVtZXQuY29tLmFyXC93cC1jb250ZW50XC91cGxvYWRzXC8yMDI0XC8xMlwvQ0FOT1MtQ09OLUNPU1RVUkEtVEFCTEEtMi5qcGcifQ%3D%3D\">\n\t\t\t\t\t\t\t<img decoding=\"async\" width=\"1024\" height=\"402\" src=\"https:\/\/sidemet.com.ar\/wp-content\/uploads\/2024\/12\/CANOS-CON-COSTURA-TABLA-2.jpg\" class=\"attachment-large size-large wp-image-1856\" alt=\"\" \/>\t\t\t\t\t\t\t\t<\/a>\n\t\t\t\t\t\t\t\t\t\t\t\t\t<\/div>\n\t\t\t\t<\/div>\n\t\t\t\t<\/div>\n\t\t\t\t<\/div>\n\t\t<div class=\"elementor-element elementor-element-756abf5 e-con-full e-flex wpr-particle-no wpr-jarallax-no wpr-parallax-no wpr-sticky-section-no e-con e-child\" data-id=\"756abf5\" data-element_type=\"container\">\n\t\t<div class=\"elementor-element elementor-element-3014108 e-con-full e-flex wpr-particle-no wpr-jarallax-no wpr-parallax-no wpr-sticky-section-no e-con e-child\" data-id=\"3014108\" data-element_type=\"container\">\n\t\t\t\t<div class=\"elementor-element elementor-element-6a26fc5 elementor-widget elementor-widget-heading\" data-id=\"6a26fc5\" data-element_type=\"widget\" data-widget_type=\"heading.default\">\n\t\t\t\t<div class=\"elementor-widget-container\">\n\t\t\t<h3 class=\"elementor-heading-title elementor-size-default\">CA\u00d1OS NEGROS DE CONDUCCI\u00d3N<\/h3>\t\t<\/div>\n\t\t\t\t<\/div>\n\t\t\t\t<div class=\"elementor-element elementor-element-0a4f6ca elementor-widget elementor-widget-heading\" data-id=\"0a4f6ca\" data-element_type=\"widget\" data-widget_type=\"heading.default\">\n\t\t\t\t<div class=\"elementor-widget-container\">\n\t\t\t<h6 class=\"elementor-heading-title elementor-size-default\">DE 3,8 HASTA 48 (NORMAS: IRAM 2502, ASTM A53, API 5L B, API 5L X42)<\/h6>\t\t<\/div>\n\t\t\t\t<\/div>\n\t\t\t\t<div class=\"elementor-element elementor-element-eaf3631 elementor-widget elementor-widget-text-editor\" data-id=\"eaf3631\" data-element_type=\"widget\" data-widget_type=\"text-editor.default\">\n\t\t\t\t<div class=\"elementor-widget-container\">\n\t\t\t\t\t\t\t<p><span class=\"selectable-text copyable-text false\">Los Ca\u00f1os Negros Conducci\u00f3n son utilizados para agua domiciliaria, aire u otros fluidos; redes contra incendios en edificios, naves industriales o comerciales, redes de aire acondicionado y de calefacci\u00f3n e instalaciones de media y alta presi\u00f3n.<\/span><\/p>\t\t\t\t\t\t<\/div>\n\t\t\t\t<\/div>\n\t\t\t\t<\/div>\n\t\t<div class=\"elementor-element elementor-element-4038494 e-con-full e-flex wpr-particle-no wpr-jarallax-no wpr-parallax-no wpr-sticky-section-no e-con e-child\" data-id=\"4038494\" data-element_type=\"container\">\n\t\t\t\t<div class=\"elementor-element elementor-element-392ccb2 elementor-widget elementor-widget-image\" data-id=\"392ccb2\" data-element_type=\"widget\" data-widget_type=\"image.default\">\n\t\t\t\t<div class=\"elementor-widget-container\">\n\t\t\t\t\t\t\t\t\t\t\t\t\t\t<a href=\"https:\/\/sidemet.com.ar\/wp-content\/uploads\/2024\/12\/CANOS-CON-COSTURA-TABLA-3.jpg\" data-elementor-open-lightbox=\"yes\" data-elementor-lightbox-title=\"CA\u00d1OS CON COSTURA TABLA 3\" data-e-action-hash=\"#elementor-action%3Aaction%3Dlightbox%26settings%3DeyJpZCI6MTg1NywidXJsIjoiaHR0cHM6XC9cL3NpZGVtZXQuY29tLmFyXC93cC1jb250ZW50XC91cGxvYWRzXC8yMDI0XC8xMlwvQ0FOT1MtQ09OLUNPU1RVUkEtVEFCTEEtMy5qcGcifQ%3D%3D\">\n\t\t\t\t\t\t\t<img decoding=\"async\" width=\"1024\" height=\"375\" src=\"https:\/\/sidemet.com.ar\/wp-content\/uploads\/2024\/12\/CANOS-CON-COSTURA-TABLA-3.jpg\" class=\"attachment-large size-large wp-image-1857\" alt=\"\" \/>\t\t\t\t\t\t\t\t<\/a>\n\t\t\t\t\t\t\t\t\t\t\t\t\t<\/div>\n\t\t\t\t<\/div>\n\t\t\t\t<div class=\"elementor-element elementor-element-18763fc elementor-widget elementor-widget-image\" data-id=\"18763fc\" data-element_type=\"widget\" data-widget_type=\"image.default\">\n\t\t\t\t<div class=\"elementor-widget-container\">\n\t\t\t\t\t\t\t\t\t\t\t\t\t\t<a href=\"https:\/\/sidemet.com.ar\/wp-content\/uploads\/2024\/12\/CANOS-CON-COSTURA-TABLA-4.jpg\" data-elementor-open-lightbox=\"yes\" data-elementor-lightbox-title=\"CA\u00d1OS CON COSTURA TABLA 4\" data-e-action-hash=\"#elementor-action%3Aaction%3Dlightbox%26settings%3DeyJpZCI6MTg1OCwidXJsIjoiaHR0cHM6XC9cL3NpZGVtZXQuY29tLmFyXC93cC1jb250ZW50XC91cGxvYWRzXC8yMDI0XC8xMlwvQ0FOT1MtQ09OLUNPU1RVUkEtVEFCTEEtNC5qcGcifQ%3D%3D\">\n\t\t\t\t\t\t\t<img loading=\"lazy\" decoding=\"async\" width=\"1024\" height=\"402\" src=\"https:\/\/sidemet.com.ar\/wp-content\/uploads\/2024\/12\/CANOS-CON-COSTURA-TABLA-4.jpg\" class=\"attachment-large size-large wp-image-1858\" alt=\"\" \/>\t\t\t\t\t\t\t\t<\/a>\n\t\t\t\t\t\t\t\t\t\t\t\t\t<\/div>\n\t\t\t\t<\/div>\n\t\t\t\t<\/div>\n\t\t\t\t<\/div>\n\t\t<div class=\"elementor-element elementor-element-7d83a1d e-con-full e-flex wpr-particle-no wpr-jarallax-no wpr-parallax-no wpr-sticky-section-no e-con e-child\" data-id=\"7d83a1d\" data-element_type=\"container\">\n\t\t<div class=\"elementor-element elementor-element-d165ba0 e-con-full e-flex wpr-particle-no wpr-jarallax-no wpr-parallax-no wpr-sticky-section-no e-con e-child\" data-id=\"d165ba0\" data-element_type=\"container\">\n\t\t\t\t<div class=\"elementor-element elementor-element-9f258c6 elementor-widget elementor-widget-heading\" data-id=\"9f258c6\" data-element_type=\"widget\" data-widget_type=\"heading.default\">\n\t\t\t\t<div class=\"elementor-widget-container\">\n\t\t\t<h3 class=\"elementor-heading-title elementor-size-default\">CA\u00d1OS DE USO MEC\u00c1NICO<\/h3>\t\t<\/div>\n\t\t\t\t<\/div>\n\t\t\t\t<div class=\"elementor-element elementor-element-a38197d elementor-widget elementor-widget-heading\" data-id=\"a38197d\" data-element_type=\"widget\" data-widget_type=\"heading.default\">\n\t\t\t\t<div class=\"elementor-widget-container\">\n\t\t\t<h6 class=\"elementor-heading-title elementor-size-default\">IRAM \u2013 IAS U 500 \u2013 2592 \/ ASTM A500<\/h6>\t\t<\/div>\n\t\t\t\t<\/div>\n\t\t\t\t<div class=\"elementor-element elementor-element-dcf5c1c elementor-widget elementor-widget-text-editor\" data-id=\"dcf5c1c\" data-element_type=\"widget\" data-widget_type=\"text-editor.default\">\n\t\t\t\t<div class=\"elementor-widget-container\">\n\t\t\t\t\t\t\t<p><span class=\"selectable-text copyable-text false\">Los Ca\u00f1os Negros Conducci\u00f3n son utilizados para agua domiciliaria, aire u otros fluidos; redes contra incendios en edificios, naves industriales o comerciales, redes de aire acondicionado y de calefacci\u00f3n e instalaciones de media y alta presi\u00f3n.<\/span><\/p>\t\t\t\t\t\t<\/div>\n\t\t\t\t<\/div>\n\t\t\t\t<\/div>\n\t\t\t\t<\/div>\n\t\t\t\t\t<\/div>\n\t\t\t\t<\/div>\n\t\t<div class=\"elementor-element elementor-element-8756a12 e-flex e-con-boxed wpr-particle-no wpr-jarallax-no wpr-parallax-no wpr-sticky-section-no e-con e-parent\" data-id=\"8756a12\" data-element_type=\"container\">\n\t\t\t\t\t<div class=\"e-con-inner\">\n\t\t\t\t<div class=\"elementor-element elementor-element-2812024 elementor-widget-divider--view-line elementor-widget elementor-widget-divider\" data-id=\"2812024\" data-element_type=\"widget\" data-widget_type=\"divider.default\">\n\t\t\t\t<div class=\"elementor-widget-container\">\n\t\t\t\t\t<div class=\"elementor-divider\">\n\t\t\t<span class=\"elementor-divider-separator\">\n\t\t\t\t\t\t<\/span>\n\t\t<\/div>\n\t\t\t\t<\/div>\n\t\t\t\t<\/div>\n\t\t\t\t<div class=\"elementor-element elementor-element-c45df18 elementor-align-center elementor-widget elementor-widget-button\" data-id=\"c45df18\" data-element_type=\"widget\" data-widget_type=\"button.default\">\n\t\t\t\t<div class=\"elementor-widget-container\">\n\t\t\t\t\t\t\t<div class=\"elementor-button-wrapper\">\n\t\t\t\t\t<a class=\"elementor-button elementor-button-link elementor-size-sm\" href=\"https:\/\/sidemet.com.ar\/index.php\/productos\/\" target=\"_blank\">\n\t\t\t\t\t\t<span class=\"elementor-button-content-wrapper\">\n\t\t\t\t\t\t<span class=\"elementor-button-icon\">\n\t\t\t\t<svg aria-hidden=\"true\" class=\"e-font-icon-svg e-fas-arrow-left\" viewBox=\"0 0 448 512\" xmlns=\"http:\/\/www.w3.org\/2000\/svg\"><path d=\"M257.5 445.1l-22.2 22.2c-9.4 9.4-24.6 9.4-33.9 0L7 273c-9.4-9.4-9.4-24.6 0-33.9L201.4 44.7c9.4-9.4 24.6-9.4 33.9 0l22.2 22.2c9.5 9.5 9.3 25-.4 34.3L136.6 216H424c13.3 0 24 10.7 24 24v32c0 13.3-10.7 24-24 24H136.6l120.5 114.8c9.8 9.3 10 24.8.4 34.3z\"><\/path><\/svg>\t\t\t<\/span>\n\t\t\t\t\t\t\t\t\t<span class=\"elementor-button-text\">Ver todos los productos<\/span>\n\t\t\t\t\t<\/span>\n\t\t\t\t\t<\/a>\n\t\t\t\t<\/div>\n\t\t\t\t\t\t<\/div>\n\t\t\t\t<\/div>\n\t\t\t\t\t<\/div>\n\t\t\t\t<\/div>\n\t\t\t\t<\/div>\n\t\t","protected":false},"excerpt":{"rendered":"<p>Ca\u00f1os con costura CA\u00d1OS GALVANIZADOS DE 3,8&#8243; HASTA 4&#8243; \u2013 IRAM 2502 Comercializamos ca\u00f1os de acero al carbono para conducci\u00f3n en instalaciones de baja, media y alta presi\u00f3n. Los ca\u00f1os galvanizados IRAM 2502 son tubos con recubrimiento de zinc (Zn) en 70 micrones (?) con sus extremos roscados. Los ca\u00f1os galvanizados se utilizan en instalaciones de presi\u00f3n media (perforaciones y agua domiciliaria, aire u otros fluidos) y cuando se requiere una protecci\u00f3n adicional en instalaciones de aire acondicionado. CA\u00d1OS CONDUIT TUBOS DE ACERO PARA INSTALACIONES EL\u00c9CTRICAS. ANSI C80.1 Los tubos para instalaciones el\u00e9ctricas son utilizados para el pasaje de conductores el\u00e9ctricos en las instalaciones el\u00e9ctricas de viviendas, edificios, plantas industriales y comerciales. Se utilizan tambi\u00e9n para el pasaje de conductores el\u00e9ctricos en instalaciones resistentes al fuego y a explosiones en industrias qu\u00edmicas y petroqu\u00edmicas, estaciones de servicio y f\u00e1bricas en general. Estos tubos se proveen roscados y con cupla. El recubrimiento de Zn tiene en su exterior una capa de 250 grs\/m2 m\u00ednimo. CA\u00d1OS NEGROS DE CONDUCCI\u00d3N DE 3,8 HASTA 48 (NORMAS: IRAM 2502, ASTM A53, API 5L B, API 5L X42) Los Ca\u00f1os Negros Conducci\u00f3n son utilizados para agua domiciliaria, aire u otros fluidos; redes contra incendios en edificios, naves industriales o comerciales, redes de aire acondicionado y de calefacci\u00f3n e instalaciones de media y alta presi\u00f3n. CA\u00d1OS DE USO MEC\u00c1NICO IRAM \u2013 IAS U 500 \u2013 2592 \/ ASTM A500 Los Ca\u00f1os Negros Conducci\u00f3n son utilizados para agua domiciliaria, aire u otros fluidos; redes contra incendios en edificios, naves industriales o comerciales, redes de aire acondicionado y de calefacci\u00f3n e instalaciones de media y alta presi\u00f3n. Ver todos los productos<\/p>\n","protected":false},"author":1,"featured_media":0,"parent":0,"menu_order":0,"comment_status":"closed","ping_status":"closed","template":"","meta":{"site-sidebar-layout":"no-sidebar","site-content-layout":"page-builder","ast-site-content-layout":"","site-content-style":"default","site-sidebar-style":"default","ast-global-header-display":"","ast-banner-title-visibility":"","ast-main-header-display":"","ast-hfb-above-header-display":"","ast-hfb-below-header-display":"","ast-hfb-mobile-header-display":"","site-post-title":"disabled","ast-breadcrumbs-content":"","ast-featured-img":"disabled","footer-sml-layout":"","theme-transparent-header-meta":"enabled","adv-header-id-meta":"","stick-header-meta":"","header-above-stick-meta":"","header-main-stick-meta":"","header-below-stick-meta":"","astra-migrate-meta-layouts":"default","ast-page-background-enabled":"default","ast-page-background-meta":{"desktop":{"background-color":"var(--ast-global-color-4)","background-image":"","background-repeat":"repeat","background-position":"center center","background-size":"auto","background-attachment":"scroll","background-type":"","background-media":"","overlay-type":"","overlay-color":"","overlay-opacity":"","overlay-gradient":""},"tablet":{"background-color":"","background-image":"","background-repeat":"repeat","background-position":"center center","background-size":"auto","background-attachment":"scroll","background-type":"","background-media":"","overlay-type":"","overlay-color":"","overlay-opacity":"","overlay-gradient":""},"mobile":{"background-color":"","background-image":"","background-repeat":"repeat","background-position":"center center","background-size":"auto","background-attachment":"scroll","background-type":"","background-media":"","overlay-type":"","overlay-color":"","overlay-opacity":"","overlay-gradient":""}},"ast-content-background-meta":{"desktop":{"background-color":"var(--ast-global-color-5)","background-image":"","background-repeat":"repeat","background-position":"center center","background-size":"auto","background-attachment":"scroll","background-type":"","background-media":"","overlay-type":"","overlay-color":"","overlay-opacity":"","overlay-gradient":""},"tablet":{"background-color":"var(--ast-global-color-5)","background-image":"","background-repeat":"repeat","background-position":"center center","background-size":"auto","background-attachment":"scroll","background-type":"","background-media":"","overlay-type":"","overlay-color":"","overlay-opacity":"","overlay-gradient":""},"mobile":{"background-color":"var(--ast-global-color-5)","background-image":"","background-repeat":"repeat","background-position":"center center","background-size":"auto","background-attachment":"scroll","background-type":"","background-media":"","overlay-type":"","overlay-color":"","overlay-opacity":"","overlay-gradient":""}},"_joinchat":[],"footnotes":""},"class_list":["post-1853","page","type-page","status-publish","hentry"],"_links":{"self":[{"href":"https:\/\/sidemet.com.ar\/index.php\/wp-json\/wp\/v2\/pages\/1853","targetHints":{"allow":["GET"]}}],"collection":[{"href":"https:\/\/sidemet.com.ar\/index.php\/wp-json\/wp\/v2\/pages"}],"about":[{"href":"https:\/\/sidemet.com.ar\/index.php\/wp-json\/wp\/v2\/types\/page"}],"author":[{"embeddable":true,"href":"https:\/\/sidemet.com.ar\/index.php\/wp-json\/wp\/v2\/users\/1"}],"replies":[{"embeddable":true,"href":"https:\/\/sidemet.com.ar\/index.php\/wp-json\/wp\/v2\/comments?post=1853"}],"version-history":[{"count":7,"href":"https:\/\/sidemet.com.ar\/index.php\/wp-json\/wp\/v2\/pages\/1853\/revisions"}],"predecessor-version":[{"id":2173,"href":"https:\/\/sidemet.com.ar\/index.php\/wp-json\/wp\/v2\/pages\/1853\/revisions\/2173"}],"wp:attachment":[{"href":"https:\/\/sidemet.com.ar\/index.php\/wp-json\/wp\/v2\/media?parent=1853"}],"curies":[{"name":"wp","href":"https:\/\/api.w.org\/{rel}","templated":true}]}}